{"id":1944,"date":"2021-06-06T20:43:22","date_gmt":"2021-06-06T20:43:22","guid":{"rendered":"https:\/\/lesaccordsdechloe.com\/?post_type=product&#038;p=1944"},"modified":"2024-03-11T17:24:01","modified_gmt":"2024-03-11T17:24:01","slug":"jeans-skinny-leo-bleu","status":"publish","type":"product","link":"https:\/\/lesaccordsdechloe.com\/index.php\/produit\/jeans-skinny-leo-bleu\/","title":{"rendered":"Jeans skinny L\u00e9o bleu"},"content":{"rendered":"<h3><strong>Taille<\/strong>\u00a0:<\/h3>\n<p>Longueur \u00e0 l\u2019entrejambe pour un 36 : 70 cm<br \/>\nLe mannequin mesure 1m75 et porte une taille EUR 36 (UK08\/ US26).<br \/>\nCe mod\u00e8le taille normalement, nous vous conseillons de prendre votre taille habituelle.<\/p>\n<h3><strong>D\u00e9tails<\/strong>\u00a0:<\/h3>\n<p>Coupe skinny<br \/>\nTaille normale<br \/>\nPoches push-up<br \/>\nFermeture \u00e0 zip et bouton<\/p>\n<h3><strong>Coloris<\/strong>\u00a0:<\/h3>\n<p>Bleu<\/p>\n<h3><strong>Composition<\/strong> :<\/h3>\n<p>Composition : 72,9% Coton, 23% Polyester, 3,1% Viscose, 1% Elasthanne<br \/>\nTissu d\u2019\u00e9paisseur moyenne, ne se d\u00e9tend pas<br \/>\nCr\u00e9ation fran\u00e7aise<\/p>\n<h3><strong>Entretien<\/strong>\u00a0:<\/h3>\n<p>Lavage en machine \u00e0 30\u00b0C \u00e0 l&#8217;envers, s\u00e8che-linge d\u00e9conseill\u00e9<\/p>\n","protected":false},"excerpt":{"rendered":"<p>Optez pour le jean L\u00e9o qui vous accompagnera pour toutes les saisons. Il pr\u00e9sente une taille normale confortable ainsi qu\u2019une fermeture \u00e0 zip avec un bouton. Mariez-le \u00e0 la blouse Ambre ou au pull Suzette pour un look confortable et casual.<\/p>\n","protected":false},"featured_media":2377,"comment_status":"open","ping_status":"closed","template":"","meta":{"_glsr_average":0,"_glsr_ranking":0,"_glsr_reviews":0},"product_cat":[184,143],"product_tag":[156,164],"_links":{"self":[{"href":"https:\/\/lesaccordsdechloe.com\/index.php\/wp-json\/wp\/v2\/product\/1944"}],"collection":[{"href":"https:\/\/lesaccordsdechloe.com\/index.php\/wp-json\/wp\/v2\/product"}],"about":[{"href":"https:\/\/lesaccordsdechloe.com\/index.php\/wp-json\/wp\/v2\/types\/product"}],"replies":[{"embeddable":true,"href":"https:\/\/lesaccordsdechloe.com\/index.php\/wp-json\/wp\/v2\/comments?post=1944"}],"wp:featuredmedia":[{"embeddable":true,"href":"https:\/\/lesaccordsdechloe.com\/index.php\/wp-json\/wp\/v2\/media\/2377"}],"wp:attachment":[{"href":"https:\/\/lesaccordsdechloe.com\/index.php\/wp-json\/wp\/v2\/media?parent=1944"}],"wp:term":[{"taxonomy":"product_cat","embeddable":true,"href":"https:\/\/lesaccordsdechloe.com\/index.php\/wp-json\/wp\/v2\/product_cat?post=1944"},{"taxonomy":"product_tag","embeddable":true,"href":"https:\/\/lesaccordsdechloe.com\/index.php\/wp-json\/wp\/v2\/product_tag?post=1944"}],"curies":[{"name":"wp","href":"https:\/\/api.w.org\/{rel}","templated":true}]}}