{"id":1229,"date":"2014-05-27T11:04:27","date_gmt":"2014-05-27T11:04:27","guid":{"rendered":"http:\/\/demo.oxygentheme.com\/demo-content\/?post_type=product&#038;p=1229"},"modified":"2022-03-27T15:58:50","modified_gmt":"2022-03-27T15:58:50","slug":"lookirresistible","status":"publish","type":"product","link":"https:\/\/lesaccordsdechloe.com\/index.php\/produit\/lookirresistible\/","title":{"rendered":"Look irr\u00e9sistible"},"content":{"rendered":"","protected":false},"excerpt":{"rendered":"<p><a href=\"https:\/\/lesaccordsdechloe.com\/index.php\/produit\/pantalon-mario-bleu-marine\/\">Le pantalon Mario<\/a> est la pi\u00e8ce id\u00e9ale pour des looks masuclin\/f\u00e9minin. Vous pouvez lui donner diff\u00e9rentes allures : d\u00e9contract\u00e9e avec <a href=\"https:\/\/lesaccordsdechloe.com\/index.php\/produit\/mariniere-charlie-marine\/\">la marini\u00e8re Charlie<\/a> ou plus f\u00e9minine avec <a href=\"https:\/\/lesaccordsdechloe.com\/index.php\/produit\/chemisier-obin-fleuri\/\">le chemisier Obin<\/a>.<\/p>\n","protected":false},"featured_media":3054,"comment_status":"open","ping_status":"closed","template":"","meta":{"_glsr_average":0,"_glsr_ranking":0,"_glsr_reviews":0},"product_cat":[123],"product_tag":[],"_links":{"self":[{"href":"https:\/\/lesaccordsdechloe.com\/index.php\/wp-json\/wp\/v2\/product\/1229"}],"collection":[{"href":"https:\/\/lesaccordsdechloe.com\/index.php\/wp-json\/wp\/v2\/product"}],"about":[{"href":"https:\/\/lesaccordsdechloe.com\/index.php\/wp-json\/wp\/v2\/types\/product"}],"replies":[{"embeddable":true,"href":"https:\/\/lesaccordsdechloe.com\/index.php\/wp-json\/wp\/v2\/comments?post=1229"}],"wp:featuredmedia":[{"embeddable":true,"href":"https:\/\/lesaccordsdechloe.com\/index.php\/wp-json\/wp\/v2\/media\/3054"}],"wp:attachment":[{"href":"https:\/\/lesaccordsdechloe.com\/index.php\/wp-json\/wp\/v2\/media?parent=1229"}],"wp:term":[{"taxonomy":"product_cat","embeddable":true,"href":"https:\/\/lesaccordsdechloe.com\/index.php\/wp-json\/wp\/v2\/product_cat?post=1229"},{"taxonomy":"product_tag","embeddable":true,"href":"https:\/\/lesaccordsdechloe.com\/index.php\/wp-json\/wp\/v2\/product_tag?post=1229"}],"curies":[{"name":"wp","href":"https:\/\/api.w.org\/{rel}","templated":true}]}}