{"id":2144,"date":"2021-06-27T16:12:06","date_gmt":"2021-06-27T16:12:06","guid":{"rendered":"https:\/\/lesaccordsdechloe.com\/?page_id=2144"},"modified":"2022-02-07T21:31:46","modified_gmt":"2022-02-07T21:31:46","slug":"faq","status":"publish","type":"page","link":"https:\/\/lesaccordsdechloe.com\/index.php\/faq\/","title":{"rendered":"F.A.Q"},"content":{"rendered":"<p>[vc_row][vc_column][vc_column_text]<\/p>\n<h1 style=\"text-align: center;\">VOS QUESTIONS<\/h1>\n<p>[\/vc_column_text][vc_separator][vc_tta_pageable][vc_tta_section title=&#8221;Section 1&#8243; tab_id=&#8221;1644269362494-60cfab8e-7d6e&#8221;][vc_column_text]<\/p>\n<h4><strong>Je n&#8217;arrive pas \u00e0 s\u00e9lectionner mon point relais sur mobile ou tablette ?\u00a0<\/strong><\/h4>\n<p>Il suffit de le s\u00e9lectionner, puis de descendre la page pour pouvoir valider le point relais. Apr\u00e8s cette \u00e9tape votre point relais doit \u00eatre affich\u00e9 avant de passer au paiement. Pour des informations visuelles, rendez-vous sur notre compte Instagram @lesaccordsdechloe dans nos stories \u00e0 la une, rubrique AIDE.[\/vc_column_text][\/vc_tta_section][vc_tta_section title=&#8221;Section 2&#8243; tab_id=&#8221;1644269362494-24b841f4-806e&#8221;][\/vc_tta_section][\/vc_tta_pageable][\/vc_column][\/vc_row]<\/p>\n","protected":false},"excerpt":{"rendered":"<p>[vc_row][vc_column][vc_column_text] VOS QUESTIONS [\/vc_column_text][vc_separator][vc_tta_pageable][vc_tta_section title=&#8221;Section 1&#8243; tab_id=&#8221;1644269362494-60cfab8e-7d6e&#8221;][vc_column_text] Je n&#8217;arrive pas \u00e0 s\u00e9lectionner mon point relais sur mobile ou tablette ?\u00a0 Il suffit de le s\u00e9lectionner, puis de descendre la page pour pouvoir valider le point relais. Apr\u00e8s cette&hellip;<\/p>\n","protected":false},"author":1,"featured_media":0,"parent":0,"menu_order":0,"comment_status":"open","ping_status":"closed","template":"","meta":{"footnotes":"","_glsr_average":0,"_glsr_ranking":0,"_glsr_reviews":0},"_links":{"self":[{"href":"https:\/\/lesaccordsdechloe.com\/index.php\/wp-json\/wp\/v2\/pages\/2144"}],"collection":[{"href":"https:\/\/lesaccordsdechloe.com\/index.php\/wp-json\/wp\/v2\/pages"}],"about":[{"href":"https:\/\/lesaccordsdechloe.com\/index.php\/wp-json\/wp\/v2\/types\/page"}],"author":[{"embeddable":true,"href":"https:\/\/lesaccordsdechloe.com\/index.php\/wp-json\/wp\/v2\/users\/1"}],"replies":[{"embeddable":true,"href":"https:\/\/lesaccordsdechloe.com\/index.php\/wp-json\/wp\/v2\/comments?post=2144"}],"version-history":[{"count":16,"href":"https:\/\/lesaccordsdechloe.com\/index.php\/wp-json\/wp\/v2\/pages\/2144\/revisions"}],"predecessor-version":[{"id":2841,"href":"https:\/\/lesaccordsdechloe.com\/index.php\/wp-json\/wp\/v2\/pages\/2144\/revisions\/2841"}],"wp:attachment":[{"href":"https:\/\/lesaccordsdechloe.com\/index.php\/wp-json\/wp\/v2\/media?parent=2144"}],"curies":[{"name":"wp","href":"https:\/\/api.w.org\/{rel}","templated":true}]}}