{"id":2115,"date":"2021-06-27T15:23:26","date_gmt":"2021-06-27T15:23:26","guid":{"rendered":"https:\/\/lesaccordsdechloe.com\/?page_id=2115"},"modified":"2022-02-06T12:14:11","modified_gmt":"2022-02-06T12:14:11","slug":"retours","status":"publish","type":"page","link":"https:\/\/lesaccordsdechloe.com\/index.php\/retours\/","title":{"rendered":"Retours"},"content":{"rendered":"<p>[vc_row][vc_column][vc_tta_accordion][vc_tta_section title=&#8221;Conditions de retour&#8221; tab_id=&#8221;1624807856714-f6332fd7-770a&#8221;][vc_column_text]Vous disposez d\u2019un d\u00e9lai de 14 jours d\u00e8s r\u00e9ception de votre commande pour retourner vos articles. Au-del\u00e0 de ce d\u00e9lai les retours ne seront pas accept\u00e9s.<\/p>\n<p><strong>ATTENTION<\/strong>\u00a0:<\/p>\n<p>Les articles ne seront ni repris, ni rembours\u00e9s s&#8217;ils sont :<\/p>\n<ul>\n<li>endommag\u00e9s<\/li>\n<li>avec des traces (maquillage, caf\u00e9,&#8230;)<\/li>\n<li>sans \u00e9tiquettes<\/li>\n<li>lav\u00e9s<\/li>\n<\/ul>\n<p>[\/vc_column_text][\/vc_tta_section][vc_tta_section title=&#8221;R\u00e9aliser mon retour&#8221; tab_id=&#8221;1624807684739-15bcc636-fb90&#8243;][vc_column_text]Contactez-nous imm\u00e9diatement par mail apr\u00e8s r\u00e9ception de votre colis si vous souhaitez effectuer un retour.<\/p>\n<p><em><strong>Les retours sont gratuits sur tous les articles hors promotion, soldes et remises depuis la France.\u00a0<\/strong><\/em><\/p>\n<p>Pour tous les autres pays Belgique, Allemagne, Suisse, Luxembourg et Pays-Bas les frais de retours sont \u00e0 votre charge.[\/vc_column_text][\/vc_tta_section][vc_tta_section title=&#8221;D\u00e9lais de remboursement&#8221; tab_id=&#8221;1624807730014-0ca2cada-23a7&#8243;][vc_column_text]Le remboursement s\u2019effectue au plus tard dans les quatorze jours \u00e0 compter de la date \u00e0 laquelle Les accords de Chlo\u00e9 sont inform\u00e9s de la d\u00e9cision du client de se r\u00e9tracter, sous r\u00e9serve de la bonne r\u00e9ception du colis retour ainsi que de sa conformit\u00e9.<\/p>\n<p>Vous recevrez un e-mail de confirmation vous notifiant le remboursement ou la cr\u00e9ation de votre avoir (valable 12 mois) selon votre choix.[\/vc_column_text][\/vc_tta_section][vc_tta_section title=&#8221;Article non conforme&#8221; tab_id=&#8221;1624807788823-ac9c6105-e5ce&#8221;][vc_column_text]Si malgr\u00e9 tous nos contr\u00f4les votre article pr\u00e9sente un d\u00e9faut, nous vous invitons \u00e0 nous contacter par e-mail \u00e0 l\u2019adresse suivante d\u00e8s r\u00e9ception de votre colis : contact@lesaccordsdechloe.com ou par message sur Instagram : @lesaccordsdechloe<\/p>\n<p>Notre \u00e9quipe trouvera une solution.[\/vc_column_text][\/vc_tta_section][vc_tta_section title=&#8221;Echanges&#8221; tab_id=&#8221;1624807817748-ef80ff6e-36c9&#8243;][vc_column_text]Nous vous invitons \u00e0 repasser commande sur notre site.[\/vc_column_text][\/vc_tta_section][\/vc_tta_accordion][\/vc_column][\/vc_row]<\/p>\n","protected":false},"excerpt":{"rendered":"<p>[vc_row][vc_column][vc_tta_accordion][vc_tta_section title=&#8221;Conditions de retour&#8221; tab_id=&#8221;1624807856714-f6332fd7-770a&#8221;][vc_column_text]Vous disposez d\u2019un d\u00e9lai de 14 jours d\u00e8s r\u00e9ception de votre commande pour retourner vos articles. Au-del\u00e0 de ce d\u00e9lai les retours ne seront pas accept\u00e9s. ATTENTION\u00a0: Les articles ne seront ni repris, ni&hellip;<\/p>\n","protected":false},"author":1,"featured_media":0,"parent":0,"menu_order":0,"comment_status":"closed","ping_status":"closed","template":"","meta":{"footnotes":"","_glsr_average":0,"_glsr_ranking":0,"_glsr_reviews":0},"_links":{"self":[{"href":"https:\/\/lesaccordsdechloe.com\/index.php\/wp-json\/wp\/v2\/pages\/2115"}],"collection":[{"href":"https:\/\/lesaccordsdechloe.com\/index.php\/wp-json\/wp\/v2\/pages"}],"about":[{"href":"https:\/\/lesaccordsdechloe.com\/index.php\/wp-json\/wp\/v2\/types\/page"}],"author":[{"embeddable":true,"href":"https:\/\/lesaccordsdechloe.com\/index.php\/wp-json\/wp\/v2\/users\/1"}],"replies":[{"embeddable":true,"href":"https:\/\/lesaccordsdechloe.com\/index.php\/wp-json\/wp\/v2\/comments?post=2115"}],"version-history":[{"count":12,"href":"https:\/\/lesaccordsdechloe.com\/index.php\/wp-json\/wp\/v2\/pages\/2115\/revisions"}],"predecessor-version":[{"id":2785,"href":"https:\/\/lesaccordsdechloe.com\/index.php\/wp-json\/wp\/v2\/pages\/2115\/revisions\/2785"}],"wp:attachment":[{"href":"https:\/\/lesaccordsdechloe.com\/index.php\/wp-json\/wp\/v2\/media?parent=2115"}],"curies":[{"name":"wp","href":"https:\/\/api.w.org\/{rel}","templated":true}]}}