{"id":2108,"date":"2021-06-27T15:01:05","date_gmt":"2021-06-27T15:01:05","guid":{"rendered":"https:\/\/lesaccordsdechloe.com\/?page_id=2108"},"modified":"2022-02-06T12:10:14","modified_gmt":"2022-02-06T12:10:14","slug":"livraison","status":"publish","type":"page","link":"https:\/\/lesaccordsdechloe.com\/index.php\/livraison\/","title":{"rendered":"Livraison"},"content":{"rendered":"<p>[vc_row][vc_column][vc_text_separator title=&#8221;Livraison&#8221;][\/vc_column][\/vc_row][vc_row][vc_column][vc_column_text]<\/p>\n<h2>FRANCE<\/h2>\n<p>[\/vc_column_text][vc_column_text css=&#8221;.vc_custom_1640276904765{background-color: #ffffff !important;border-radius: 20px !important;}&#8221;]<\/p>\n<h4><\/h4>\n<h4 style=\"text-align: center;\"><strong>Livraison \u00e0 domicile<\/strong><\/h4>\n<p style=\"text-align: center;\">A partir de 7,20\u20ac<\/p>\n<p style=\"text-align: center;\">Offerte \u00e0 partir de 89\u20ac d&#8217;achat.<\/p>\n<p style=\"text-align: center;\">Livraison en 48h (jours ouvr\u00e9s), apr\u00e8s pr\u00e9paration de la commande.<\/p>\n<p>&nbsp;<\/p>\n<h4 style=\"text-align: center;\"><strong>Livraison en point relais<\/strong><\/h4>\n<p style=\"text-align: center;\">A partir de 4,99\u20ac<\/p>\n<p style=\"text-align: center;\">Offerte \u00e0 partir de 89\u20ac d&#8217;achat.<\/p>\n<p style=\"text-align: center;\">Livraison en 48h (jours ouvr\u00e9s), apr\u00e8s pr\u00e9paration de la commande.<\/p>\n<p>\u00a0[\/vc_column_text][\/vc_column][\/vc_row][vc_row][vc_column][vc_separator][\/vc_column][\/vc_row][vc_row][vc_column][vc_column_text]<\/p>\n<h2>ALLEMAGNE, BELGIQUE, LUXEMBOURG, PAYS-BAS ET SUISSE<\/h2>\n<p>[\/vc_column_text][\/vc_column][\/vc_row][vc_row][vc_column][vc_column_text css=&#8221;.vc_custom_1640296463563{background-color: #ffffff !important;border-radius: 20px !important;}&#8221;]<\/p>\n<h4><\/h4>\n<h4 style=\"text-align: center;\"><strong>LIVRAISON A DOMICILE<\/strong><\/h4>\n<p style=\"text-align: center;\">Veuillez consulter les frais de livraison estim\u00e9s lors de la confirmation de commande<\/p>\n<p style=\"text-align: center;\">Offerte \u00e0 partir de 129\u20ac d&#8217;achat.<\/p>\n<p>&nbsp;<\/p>\n<h4 style=\"text-align: center;\"><strong>LIVRAISON EN POINT RELAIS<\/strong><\/h4>\n<p style=\"text-align: center;\">Veuillez consulter les frais de livraison estim\u00e9s lors de la confirmation de commande<\/p>\n<p style=\"text-align: center;\">Offerte \u00e0 partir de 129\u20ac d&#8217;achat.<\/p>\n<p>\u00a0[\/vc_column_text][\/vc_column][\/vc_row]<\/p>\n","protected":false},"excerpt":{"rendered":"<p>[vc_row][vc_column][vc_text_separator title=&#8221;Livraison&#8221;][\/vc_column][\/vc_row][vc_row][vc_column][vc_column_text] FRANCE [\/vc_column_text][vc_column_text css=&#8221;.vc_custom_1640276904765{background-color: #ffffff !important;border-radius: 20px !important;}&#8221;] Livraison \u00e0 domicile A partir de 7,20\u20ac Offerte \u00e0 partir de 89\u20ac d&#8217;achat. Livraison en 48h (jours ouvr\u00e9s), apr\u00e8s pr\u00e9paration de la commande. &nbsp; Livraison en point relais A&hellip;<\/p>\n","protected":false},"author":1,"featured_media":0,"parent":0,"menu_order":0,"comment_status":"closed","ping_status":"closed","template":"","meta":{"footnotes":"","_glsr_average":0,"_glsr_ranking":0,"_glsr_reviews":0},"_links":{"self":[{"href":"https:\/\/lesaccordsdechloe.com\/index.php\/wp-json\/wp\/v2\/pages\/2108"}],"collection":[{"href":"https:\/\/lesaccordsdechloe.com\/index.php\/wp-json\/wp\/v2\/pages"}],"about":[{"href":"https:\/\/lesaccordsdechloe.com\/index.php\/wp-json\/wp\/v2\/types\/page"}],"author":[{"embeddable":true,"href":"https:\/\/lesaccordsdechloe.com\/index.php\/wp-json\/wp\/v2\/users\/1"}],"replies":[{"embeddable":true,"href":"https:\/\/lesaccordsdechloe.com\/index.php\/wp-json\/wp\/v2\/comments?post=2108"}],"version-history":[{"count":19,"href":"https:\/\/lesaccordsdechloe.com\/index.php\/wp-json\/wp\/v2\/pages\/2108\/revisions"}],"predecessor-version":[{"id":2784,"href":"https:\/\/lesaccordsdechloe.com\/index.php\/wp-json\/wp\/v2\/pages\/2108\/revisions\/2784"}],"wp:attachment":[{"href":"https:\/\/lesaccordsdechloe.com\/index.php\/wp-json\/wp\/v2\/media?parent=2108"}],"curies":[{"name":"wp","href":"https:\/\/api.w.org\/{rel}","templated":true}]}}