{"id":2100,"date":"2021-06-27T14:48:51","date_gmt":"2021-06-27T14:48:51","guid":{"rendered":"https:\/\/lesaccordsdechloe.com\/?page_id=2100"},"modified":"2021-07-11T15:52:05","modified_gmt":"2021-07-11T15:52:05","slug":"confidentialites","status":"publish","type":"page","link":"https:\/\/lesaccordsdechloe.com\/index.php\/confidentialites\/","title":{"rendered":"Confidentialit\u00e9s"},"content":{"rendered":"<p>[vc_row][vc_column][vc_text_separator title=&#8221;RGPD &#8211; Politique de confidentialit\u00e9&#8221;][vc_tta_tabs][vc_tta_section title=&#8221;Qui sommes nous ?&#8221; tab_id=&#8221;1624805488756-07a6d03b-33a2&#8243;][vc_column_text]Les accords de Chlo\u00e9 dont le si\u00e8ge social est 7 rue de la Senad\u00e8re, 88220 Raon-aux-bois \u2013 France, Immatricul\u00e9 au RCS Epinal SIREN 900141763<br \/>\nN\u00b0 SIRET 90014176300012<\/p>\n<p>Nous assurons conjointement la prise en charge du traitement et la protection de vos donn\u00e9es personnelles.[\/vc_column_text][\/vc_tta_section][vc_tta_section title=&#8221;Donn\u00e9es personnelles&#8221; tab_id=&#8221;1624805488755-68064108-9457&#8243;][vc_column_text]Parmi d\u2019autres finalit\u00e9s, nous utiliserons vos donn\u00e9es (obtenues en ligne ou physiquement) pour g\u00e9rer votre inscription comme utilisateur, g\u00e9rer l\u2019achat de produits, r\u00e9pondre \u00e0 vos questions ainsi que pour l\u2019envoi de communications personnalis\u00e9es, si vous le souhaitez.<\/p>\n<p>En g\u00e9n\u00e9ral, celles-ci seront les suivantes :<\/p>\n<ul>\n<li>Vos donn\u00e9es d\u2019identification (par exemple : pr\u00e9nom, nom de famille, la langue et le pays depuis lequel vous interagissez avec nous, les donn\u00e9es de contact, etc.)<\/li>\n<\/ul>\n<p>&nbsp;<\/p>\n<ul>\n<li>L\u2019information \u00e9conomique et de paiement (par exemple, vos donn\u00e9es de paiement ou de carte de paiement, l\u2019information sur vos achats, vos commandes, vos retours, etc.)<\/li>\n<\/ul>\n<p>&nbsp;<\/p>\n<ul>\n<li>Les donn\u00e9es de connexion, de g\u00e9olocalisation et de navigation (si vous interagissez avec nous \u00e0 partir de votre t\u00e9l\u00e9phone mobile, par exemple)<\/li>\n<\/ul>\n<p>&nbsp;<\/p>\n<ul>\n<li>L\u2019information commerciale (par exemple : vous \u00eates abonn\u00e9 \u00e0 notre newsletter),<\/li>\n<\/ul>\n<p>[\/vc_column_text][\/vc_tta_section][vc_tta_section title=&#8221;Vos droits&#8221; tab_id=&#8221;1624805613968-d8cf0f71-17b7&#8243;][vc_column_text]Vous disposez d\u2019un droit d\u2019acc\u00e8s, de rectification et de suppression de vos donn\u00e9es personnelles. Dans certains cas, vous avez aussi d\u2019autres droits, par exemple le droit \u00e0 vous opposer au traitement de vos donn\u00e9es.<\/p>\n<p>Si vous avez des questions concernant cette politique ou notre utilisation de vos donn\u00e9es \u00e0 caract\u00e8re personnel plus globalement, nous vous invitons \u00e0 nous contacter via l\u2019adresse mail suivante : <a href=\"mailto:contact@stellaetsuzie.com\">contact@lesaccordsdechloe.com<\/a>[\/vc_column_text][\/vc_tta_section][vc_tta_section title=&#8221;Utilisation de vos donn\u00e9es&#8221; tab_id=&#8221;1626018505744-77cb8075-53a8&#8243;][vc_column_text]Nous sommes en relation avec des fournisseurs, notamment des prestataires techniques, qui sont susceptibles de traiter vos donn\u00e9es \u00e0 caract\u00e8re personnel pour notre compte.[\/vc_column_text][\/vc_tta_section][\/vc_tta_tabs][\/vc_column][\/vc_row]<\/p>\n","protected":false},"excerpt":{"rendered":"<p>[vc_row][vc_column][vc_text_separator title=&#8221;RGPD &#8211; Politique de confidentialit\u00e9&#8221;][vc_tta_tabs][vc_tta_section title=&#8221;Qui sommes nous ?&#8221; tab_id=&#8221;1624805488756-07a6d03b-33a2&#8243;][vc_column_text]Les accords de Chlo\u00e9 dont le si\u00e8ge social est 7 rue de la Senad\u00e8re, 88220 Raon-aux-bois \u2013 France, Immatricul\u00e9 au RCS Epinal SIREN 900141763 N\u00b0 SIRET 90014176300012 Nous&hellip;<\/p>\n","protected":false},"author":1,"featured_media":0,"parent":0,"menu_order":0,"comment_status":"closed","ping_status":"closed","template":"","meta":{"footnotes":"","_glsr_average":0,"_glsr_ranking":0,"_glsr_reviews":0},"_links":{"self":[{"href":"https:\/\/lesaccordsdechloe.com\/index.php\/wp-json\/wp\/v2\/pages\/2100"}],"collection":[{"href":"https:\/\/lesaccordsdechloe.com\/index.php\/wp-json\/wp\/v2\/pages"}],"about":[{"href":"https:\/\/lesaccordsdechloe.com\/index.php\/wp-json\/wp\/v2\/types\/page"}],"author":[{"embeddable":true,"href":"https:\/\/lesaccordsdechloe.com\/index.php\/wp-json\/wp\/v2\/users\/1"}],"replies":[{"embeddable":true,"href":"https:\/\/lesaccordsdechloe.com\/index.php\/wp-json\/wp\/v2\/comments?post=2100"}],"version-history":[{"count":11,"href":"https:\/\/lesaccordsdechloe.com\/index.php\/wp-json\/wp\/v2\/pages\/2100\/revisions"}],"predecessor-version":[{"id":2169,"href":"https:\/\/lesaccordsdechloe.com\/index.php\/wp-json\/wp\/v2\/pages\/2100\/revisions\/2169"}],"wp:attachment":[{"href":"https:\/\/lesaccordsdechloe.com\/index.php\/wp-json\/wp\/v2\/media?parent=2100"}],"curies":[{"name":"wp","href":"https:\/\/api.w.org\/{rel}","templated":true}]}}