{"id":2,"date":"2021-06-04T22:36:26","date_gmt":"2021-06-04T22:36:26","guid":{"rendered":"https:\/\/lesaccordsdechloe.com\/?page_id=2"},"modified":"2022-10-10T12:33:12","modified_gmt":"2022-10-10T12:33:12","slug":"mon-histoire","status":"publish","type":"page","link":"https:\/\/lesaccordsdechloe.com\/index.php\/mon-histoire\/","title":{"rendered":"MON HISTOIRE"},"content":{"rendered":"<p>[vc_row][vc_column][vc_column_text]<\/p>\n<h2><\/h2>\n<br \/>\n<\/p>\n<p style=\"text-align: center;\"><br \/>\nMoi c&#8217;est Chlo\u00e9, passionn\u00e9e de mode, je suis sans cesse \u00e0 la recherche de pi\u00e8ces uniques pour rendre des tenues tendances et accord\u00e9es. Toujours en train de d\u00e9nicher, choisir, et rechercher les pi\u00e8ces qui me ressemblent, j&#8217;ai d\u00e9cid\u00e9 de les partager avec vous toutes au grand jour.<\/p>\n<p><br \/>\n<\/p>\n<p class=\"has-text-align-left\"><\/p>\n<p><\/div>\n<\/div>\n<p>[\/vc_column_text][vc_column_text]<\/p>\n<h4 style=\"text-align: center;\"><strong>ET ALORS POURQUOI CE NOM ?<\/strong><\/h4>\n<p>Mon grand-p\u00e8re, mon \u00e9toile, me disait de croire et de r\u00e9aliser ses r\u00eaves. Pour ce nom, je ne pensais qu&#8217;\u00e0 lui, j&#8217;avais son sourire, sa positive attitude, sa joie, son amour pour la musique. &#8220;Les accords&#8221; font un clin d&#8217;oeil \u00e0 son accord\u00e9on et refl\u00e8tent la tenue hebdomadaire que je vous propose, et bien s\u00fbr Chlo\u00e9 repr\u00e9sente mon pr\u00e9nom.[\/vc_column_text][vc_single_image image=&#8221;3290&#8243; alignment=&#8221;center&#8221; style=&#8221;vc_box_rounded&#8221;][\/vc_column][\/vc_row]<\/p>\n","protected":false},"excerpt":{"rendered":"<p>[vc_row][vc_column][vc_column_text] Moi c&#8217;est Chlo\u00e9, passionn\u00e9e de mode, je suis sans cesse \u00e0 la recherche de pi\u00e8ces uniques pour rendre des tenues tendances et accord\u00e9es. Toujours en train de d\u00e9nicher, choisir, et rechercher les pi\u00e8ces qui me ressemblent, j&#8217;ai&hellip;<\/p>\n","protected":false},"author":1,"featured_media":0,"parent":0,"menu_order":0,"comment_status":"closed","ping_status":"open","template":"","meta":{"footnotes":"","_glsr_average":0,"_glsr_ranking":0,"_glsr_reviews":0},"_links":{"self":[{"href":"https:\/\/lesaccordsdechloe.com\/index.php\/wp-json\/wp\/v2\/pages\/2"}],"collection":[{"href":"https:\/\/lesaccordsdechloe.com\/index.php\/wp-json\/wp\/v2\/pages"}],"about":[{"href":"https:\/\/lesaccordsdechloe.com\/index.php\/wp-json\/wp\/v2\/types\/page"}],"author":[{"embeddable":true,"href":"https:\/\/lesaccordsdechloe.com\/index.php\/wp-json\/wp\/v2\/users\/1"}],"replies":[{"embeddable":true,"href":"https:\/\/lesaccordsdechloe.com\/index.php\/wp-json\/wp\/v2\/comments?post=2"}],"version-history":[{"count":60,"href":"https:\/\/lesaccordsdechloe.com\/index.php\/wp-json\/wp\/v2\/pages\/2\/revisions"}],"predecessor-version":[{"id":3291,"href":"https:\/\/lesaccordsdechloe.com\/index.php\/wp-json\/wp\/v2\/pages\/2\/revisions\/3291"}],"wp:attachment":[{"href":"https:\/\/lesaccordsdechloe.com\/index.php\/wp-json\/wp\/v2\/media?parent=2"}],"curies":[{"name":"wp","href":"https:\/\/api.w.org\/{rel}","templated":true}]}}